{"id":227,"date":"2019-11-03T22:25:29","date_gmt":"2019-11-03T22:25:29","guid":{"rendered":"http:\/\/localhost\/verdo-products\/wordpress\/?page_id=227"},"modified":"2021-01-18T19:21:07","modified_gmt":"2021-01-18T19:21:07","slug":"home","status":"publish","type":"page","link":"https:\/\/verdo-products.nl\/de\/","title":{"rendered":"Home"},"content":{"rendered":"<div id=\"metaslider-id-831\" style=\"width: 100%;\" class=\"ml-slider-3-50-0 metaslider metaslider-flex metaslider-831 ml-slider ms-theme-default\" role=\"region\" aria-roledescription=\"Slideshow\" aria-label=\"New Slideshow\">\n    <div id=\"metaslider_container_831\">\n        <div id=\"metaslider_831\">\n            <ul aria-live=\"polite\" class=\"slides\">\n                <li style=\"display: block; width: 100%;\" class=\"slide-833 ms-image\" aria-roledescription=\"slide\" aria-label=\"slide-833\"><img src=\"https:\/\/verdo-products.nl\/wp-content\/uploads\/2020\/02\/slide1-700x200.jpg\" height=\"200\" width=\"700\" alt=\"\" class=\"slider-831 slide-833\" title=\"slide1\" \/><\/li>\n                <li style=\"display: none; width: 100%;\" class=\"slide-836 ms-image\" aria-roledescription=\"slide\" aria-label=\"slide-836\"><img src=\"https:\/\/verdo-products.nl\/wp-content\/uploads\/2020\/02\/slide2-700x200.jpg\" height=\"200\" width=\"700\" alt=\"\" class=\"slider-831 slide-836\" title=\"slide2\" \/><\/li>\n                <li style=\"display: none; width: 100%;\" class=\"slide-837 ms-image\" aria-roledescription=\"slide\" aria-label=\"slide-837\"><img src=\"https:\/\/verdo-products.nl\/wp-content\/uploads\/2020\/02\/slide3-700x200.jpg\" height=\"200\" width=\"700\" alt=\"\" class=\"slider-831 slide-837\" title=\"slide3\" \/><\/li>\n            <\/ul>\n        <\/div>\n        \n    <\/div>\n<\/div>\n\n\n\n<h3>Willkommen bei Kutschenbau Verdonschot<\/h3>\n<p>Kutschenbau Verdonschot ist ein traditionsreiches und innovatives Unternehmen, das 1992 gegr\u00fcndet wurde. Wir bauen Marathon-, Freizeit- und Dressurkutschen. Unsere Spezialit\u00e4t ist die Einzelradaufh\u00e4ngung bei den Kutschen, die wir seit 2005 um den Einsatz von Sto\u00dfd\u00e4mpfern erweitert haben. Damit werden wir den stetig steigenden Anforderungen an die Sicherheit der Fahrzeuge im Sporteinsatz gerecht. Weltweit fahren viele zufriedene Kunden unsere Dressur- und Marathonwagen im nationalen und internationalen Spitzensport. Bitte kontaktieren Sie uns auch jederzeit gerne, wenn Ihre Kutsche \u2013 egal welches Fabrikat \u2013 eine Wartung oder Reparatur braucht.<\/p>\n","protected":false},"excerpt":{"rendered":"<p>Willkommen bei Kutschenbau Verdonschot Kutschenbau Verdonschot ist ein traditionsreiches und innovatives Unternehmen, das 1992 gegr\u00fcndet wurde. Wir bauen Marathon-, Freizeit- und Dressurkutschen. Unsere Spezialit\u00e4t ist die Einzelradaufh\u00e4ngung bei den Kutschen, die wir seit 2005 um den Einsatz von Sto\u00dfd\u00e4mpfern erweitert&#8230; <a class=\"more-link\" href=\"https:\/\/verdo-products.nl\/de\/\">Weiterlesen &rarr;<\/a><\/p>\n","protected":false},"author":1,"featured_media":0,"parent":0,"menu_order":0,"comment_status":"closed","ping_status":"closed","template":"template-fullwidth.php","meta":{"_mi_skip_tracking":false,"_monsterinsights_sitenote_active":false,"_monsterinsights_sitenote_note":"","_monsterinsights_sitenote_category":0,"footnotes":""},"yoast_head":"<!-- This site is optimized with the Yoast SEO plugin v21.6 - https:\/\/yoast.com\/wordpress\/plugins\/seo\/ -->\n<title>Home - Verdonschot rijtuigen<\/title>\n<meta name=\"robots\" content=\"index, follow, max-snippet:-1, max-image-preview:large, max-video-preview:-1\" \/>\n<link rel=\"canonical\" href=\"https:\/\/verdo-products.nl\/\" \/>\n<meta property=\"og:locale\" content=\"de_DE\" \/>\n<meta property=\"og:type\" content=\"article\" \/>\n<meta property=\"og:title\" content=\"Home\" \/>\n<meta property=\"og:description\" content=\"Willkommen bei Kutschenbau Verdonschot Kutschenbau Verdonschot ist ein traditionsreiches und innovatives Unternehmen, das 1992 gegr\u00fcndet wurde. Wir bauen Marathon-, Freizeit- und Dressurkutschen. Unsere Spezialit\u00e4t ist die Einzelradaufh\u00e4ngung bei den Kutschen, die wir seit 2005 um den Einsatz von Sto\u00dfd\u00e4mpfern erweitert... Weiterlesen &rarr;\" \/>\n<meta property=\"og:url\" content=\"https:\/\/verdo-products.nl\/\" \/>\n<meta property=\"og:site_name\" content=\"Verdonschot rijtuigen\" \/>\n<meta property=\"article:modified_time\" content=\"2021-01-18T19:21:07+00:00\" \/>\n<meta name=\"twitter:card\" content=\"summary_large_image\" \/>\n<meta name=\"twitter:label1\" content=\"Gesch\u00e4tzte Lesezeit\" \/>\n\t<meta name=\"twitter:data1\" content=\"1\u00a0Minute\" \/>\n<script type=\"application\/ld+json\" class=\"yoast-schema-graph\">{\"@context\":\"https:\/\/schema.org\",\"@graph\":[{\"@type\":\"WebPage\",\"@id\":\"https:\/\/verdo-products.nl\/\",\"url\":\"https:\/\/verdo-products.nl\/\",\"name\":\"[:en]Home[:nl]Home[:] - Verdonschot rijtuigen\",\"isPartOf\":{\"@id\":\"https:\/\/verdo-products.nl\/#website\"},\"datePublished\":\"2019-11-03T22:25:29+00:00\",\"dateModified\":\"2021-01-18T19:21:07+00:00\",\"breadcrumb\":{\"@id\":\"https:\/\/verdo-products.nl\/#breadcrumb\"},\"inLanguage\":\"de-DE\",\"potentialAction\":[{\"@type\":\"ReadAction\",\"target\":[\"https:\/\/verdo-products.nl\/\"]}]},{\"@type\":\"BreadcrumbList\",\"@id\":\"https:\/\/verdo-products.nl\/#breadcrumb\",\"itemListElement\":[{\"@type\":\"ListItem\",\"position\":1,\"name\":\"Home\",\"item\":\"https:\/\/verdo-products.nl\/\"},{\"@type\":\"ListItem\",\"position\":2,\"name\":\"Home\"}]},{\"@type\":\"WebSite\",\"@id\":\"https:\/\/verdo-products.nl\/#website\",\"url\":\"https:\/\/verdo-products.nl\/\",\"name\":\"Verdonschot rijtuigen\",\"description\":\"\",\"potentialAction\":[{\"@type\":\"SearchAction\",\"target\":{\"@type\":\"EntryPoint\",\"urlTemplate\":\"https:\/\/verdo-products.nl\/?s={search_term_string}\"},\"query-input\":\"required name=search_term_string\"}],\"inLanguage\":\"de-DE\"}]}<\/script>\n<!-- \/ Yoast SEO plugin. -->","yoast_head_json":{"title":"Home - Verdonschot rijtuigen","robots":{"index":"index","follow":"follow","max-snippet":"max-snippet:-1","max-image-preview":"max-image-preview:large","max-video-preview":"max-video-preview:-1"},"canonical":"https:\/\/verdo-products.nl\/","og_locale":"de_DE","og_type":"article","og_title":"[:en]Home[:nl]Home[:] - Verdonschot rijtuigen","og_description":"Willkommen bei Kutschenbau Verdonschot Kutschenbau Verdonschot ist ein traditionsreiches und innovatives Unternehmen, das 1992 gegr\u00fcndet wurde. Wir bauen Marathon-, Freizeit- und Dressurkutschen. Unsere Spezialit\u00e4t ist die Einzelradaufh\u00e4ngung bei den Kutschen, die wir seit 2005 um den Einsatz von Sto\u00dfd\u00e4mpfern erweitert... Weiterlesen &rarr;","og_url":"https:\/\/verdo-products.nl\/","og_site_name":"Verdonschot rijtuigen","article_modified_time":"2021-01-18T19:21:07+00:00","twitter_card":"summary_large_image","twitter_misc":{"Gesch\u00e4tzte Lesezeit":"1\u00a0Minute"},"schema":{"@context":"https:\/\/schema.org","@graph":[{"@type":"WebPage","@id":"https:\/\/verdo-products.nl\/","url":"https:\/\/verdo-products.nl\/","name":"[:en]Home[:nl]Home[:] - Verdonschot rijtuigen","isPartOf":{"@id":"https:\/\/verdo-products.nl\/#website"},"datePublished":"2019-11-03T22:25:29+00:00","dateModified":"2021-01-18T19:21:07+00:00","breadcrumb":{"@id":"https:\/\/verdo-products.nl\/#breadcrumb"},"inLanguage":"de-DE","potentialAction":[{"@type":"ReadAction","target":["https:\/\/verdo-products.nl\/"]}]},{"@type":"BreadcrumbList","@id":"https:\/\/verdo-products.nl\/#breadcrumb","itemListElement":[{"@type":"ListItem","position":1,"name":"Home","item":"https:\/\/verdo-products.nl\/"},{"@type":"ListItem","position":2,"name":"Home"}]},{"@type":"WebSite","@id":"https:\/\/verdo-products.nl\/#website","url":"https:\/\/verdo-products.nl\/","name":"Verdonschot rijtuigen","description":"","potentialAction":[{"@type":"SearchAction","target":{"@type":"EntryPoint","urlTemplate":"https:\/\/verdo-products.nl\/?s={search_term_string}"},"query-input":"required name=search_term_string"}],"inLanguage":"de-DE"}]}},"jetpack_sharing_enabled":true,"_links":{"self":[{"href":"https:\/\/verdo-products.nl\/de\/wp-json\/wp\/v2\/pages\/227"}],"collection":[{"href":"https:\/\/verdo-products.nl\/de\/wp-json\/wp\/v2\/pages"}],"about":[{"href":"https:\/\/verdo-products.nl\/de\/wp-json\/wp\/v2\/types\/page"}],"author":[{"embeddable":true,"href":"https:\/\/verdo-products.nl\/de\/wp-json\/wp\/v2\/users\/1"}],"replies":[{"embeddable":true,"href":"https:\/\/verdo-products.nl\/de\/wp-json\/wp\/v2\/comments?post=227"}],"version-history":[{"count":26,"href":"https:\/\/verdo-products.nl\/de\/wp-json\/wp\/v2\/pages\/227\/revisions"}],"predecessor-version":[{"id":1806,"href":"https:\/\/verdo-products.nl\/de\/wp-json\/wp\/v2\/pages\/227\/revisions\/1806"}],"wp:attachment":[{"href":"https:\/\/verdo-products.nl\/de\/wp-json\/wp\/v2\/media?parent=227"}],"curies":[{"name":"wp","href":"https:\/\/api.w.org\/{rel}","templated":true}]}}