{"id":272,"date":"2019-11-20T19:40:59","date_gmt":"2019-11-20T19:40:59","guid":{"rendered":"http:\/\/localhost\/verdo-products\/wordpress\/?page_id=272"},"modified":"2023-04-10T14:02:21","modified_gmt":"2023-04-10T14:02:21","slug":"dressuur","status":"publish","type":"page","link":"https:\/\/verdo-products.nl\/de\/dressuur\/","title":{"rendered":"Dressuur"},"content":{"rendered":"\n<h1>Dressurkutschen<\/h1>\n\n\n\n<p>Die Dressurwagen zeichnen sich durch ihr wundersch\u00f6nes authentisches Design aus, mit viel Technik wie.<br>Der sportliche Fahrer findet ein sehr schlankes Endprodukt f\u00fcr den Leistungssport. Die Autos zeichnen sich durch Fahrkomfort, Sicherheit, Langlebigkeit und Stabilit\u00e4t aus.<\/p>\n\n\n\n<p><\/p>\n","protected":false},"excerpt":{"rendered":"<p>Dressurkutschen Die Dressurwagen zeichnen sich durch ihr wundersch\u00f6nes authentisches Design aus, mit viel Technik wie.Der sportliche Fahrer findet ein sehr schlankes Endprodukt f\u00fcr den Leistungssport. Die Autos zeichnen sich durch Fahrkomfort, Sicherheit, Langlebigkeit und Stabilit\u00e4t aus.<\/p>\n","protected":false},"author":1,"featured_media":0,"parent":0,"menu_order":0,"comment_status":"closed","ping_status":"closed","template":"","meta":{"_monsterinsights_skip_tracking":false,"_monsterinsights_sitenote_active":false,"_monsterinsights_sitenote_note":"","_monsterinsights_sitenote_category":0,"footnotes":""},"class_list":["post-272","page","type-page","status-publish","hentry"],"yoast_head":"<!-- This site is optimized with the Yoast SEO plugin v27.4 - https:\/\/yoast.com\/product\/yoast-seo-wordpress\/ -->\n<title>Dressuur<\/title>\n<meta name=\"robots\" content=\"index, follow, max-snippet:-1, max-image-preview:large, max-video-preview:-1\" \/>\n<link rel=\"canonical\" href=\"https:\/\/verdo-products.nl\/de\/dressuur\/\" \/>\n<meta property=\"og:locale\" content=\"de_DE\" \/>\n<meta property=\"og:locale:alternate\" content=\"en_GB\" \/>\n<meta property=\"og:locale:alternate\" content=\"nl_NL_formal\" \/>\n<meta property=\"og:type\" content=\"article\" \/>\n<meta property=\"og:title\" content=\"Dressuur\" \/>\n<meta property=\"og:description\" content=\"Dressurkutschen Die Dressurwagen zeichnen sich durch ihr wundersch\u00f6nes authentisches Design aus, mit viel Technik wie.Der sportliche Fahrer findet ein sehr schlankes Endprodukt f\u00fcr den Leistungssport. Die Autos zeichnen sich durch Fahrkomfort, Sicherheit, Langlebigkeit und Stabilit\u00e4t aus.\" \/>\n<meta property=\"og:url\" content=\"https:\/\/verdo-products.nl\/de\/dressuur\/\" \/>\n<meta property=\"og:site_name\" content=\"Verdonschot rijtuigen\" \/>\n<meta property=\"article:modified_time\" content=\"2023-04-10T14:02:21+00:00\" \/>\n<meta name=\"twitter:card\" content=\"summary_large_image\" \/>\n<meta name=\"twitter:label1\" content=\"Gesch\u00e4tzte Lesezeit\" \/>\n\t<meta name=\"twitter:data1\" content=\"1\u00a0Minute\" \/>\n<script type=\"application\/ld+json\" class=\"yoast-schema-graph\">{\"@context\":\"https:\\\/\\\/schema.org\",\"@graph\":[{\"@type\":\"WebPage\",\"@id\":\"https:\\\/\\\/verdo-products.nl\\\/dressuur\\\/\",\"url\":\"https:\\\/\\\/verdo-products.nl\\\/dressuur\\\/\",\"name\":\"Dressuur\",\"isPartOf\":{\"@id\":\"https:\\\/\\\/verdo-products.nl\\\/#website\"},\"datePublished\":\"2019-11-20T19:40:59+00:00\",\"dateModified\":\"2023-04-10T14:02:21+00:00\",\"breadcrumb\":{\"@id\":\"https:\\\/\\\/verdo-products.nl\\\/dressuur\\\/#breadcrumb\"},\"inLanguage\":\"de-DE\",\"potentialAction\":[{\"@type\":\"ReadAction\",\"target\":[\"https:\\\/\\\/verdo-products.nl\\\/dressuur\\\/\"]}]},{\"@type\":\"BreadcrumbList\",\"@id\":\"https:\\\/\\\/verdo-products.nl\\\/dressuur\\\/#breadcrumb\",\"itemListElement\":[{\"@type\":\"ListItem\",\"position\":1,\"name\":\"Home\",\"item\":\"https:\\\/\\\/verdo-products.nl\\\/\"},{\"@type\":\"ListItem\",\"position\":2,\"name\":\"Dressuur\"}]},{\"@type\":\"WebSite\",\"@id\":\"https:\\\/\\\/verdo-products.nl\\\/#website\",\"url\":\"https:\\\/\\\/verdo-products.nl\\\/\",\"name\":\"Verdonschot rijtuigen\",\"description\":\"\",\"potentialAction\":[{\"@type\":\"SearchAction\",\"target\":{\"@type\":\"EntryPoint\",\"urlTemplate\":\"https:\\\/\\\/verdo-products.nl\\\/?s={search_term_string}\"},\"query-input\":{\"@type\":\"PropertyValueSpecification\",\"valueRequired\":true,\"valueName\":\"search_term_string\"}}],\"inLanguage\":\"de-DE\"}]}<\/script>\n<!-- \/ Yoast SEO plugin. -->","yoast_head_json":{"title":"Dressuur","robots":{"index":"index","follow":"follow","max-snippet":"max-snippet:-1","max-image-preview":"max-image-preview:large","max-video-preview":"max-video-preview:-1"},"canonical":"https:\/\/verdo-products.nl\/de\/dressuur\/","og_locale":"de_DE","og_type":"article","og_title":"[:de]Dressuur[:nl]Dressuur[:] - Verdonschot rijtuigen","og_description":"Dressurkutschen Die Dressurwagen zeichnen sich durch ihr wundersch\u00f6nes authentisches Design aus, mit viel Technik wie.Der sportliche Fahrer findet ein sehr schlankes Endprodukt f\u00fcr den Leistungssport. Die Autos zeichnen sich durch Fahrkomfort, Sicherheit, Langlebigkeit und Stabilit\u00e4t aus.","og_url":"https:\/\/verdo-products.nl\/de\/dressuur\/","og_site_name":"Verdonschot rijtuigen","article_modified_time":"2023-04-10T14:02:21+00:00","twitter_card":"summary_large_image","twitter_misc":{"Gesch\u00e4tzte Lesezeit":"1\u00a0Minute"},"schema":{"@context":"https:\/\/schema.org","@graph":[{"@type":"WebPage","@id":"https:\/\/verdo-products.nl\/dressuur\/","url":"https:\/\/verdo-products.nl\/dressuur\/","name":"Dressuur","isPartOf":{"@id":"https:\/\/verdo-products.nl\/#website"},"datePublished":"2019-11-20T19:40:59+00:00","dateModified":"2023-04-10T14:02:21+00:00","breadcrumb":{"@id":"https:\/\/verdo-products.nl\/dressuur\/#breadcrumb"},"inLanguage":"de-DE","potentialAction":[{"@type":"ReadAction","target":["https:\/\/verdo-products.nl\/dressuur\/"]}]},{"@type":"BreadcrumbList","@id":"https:\/\/verdo-products.nl\/dressuur\/#breadcrumb","itemListElement":[{"@type":"ListItem","position":1,"name":"Home","item":"https:\/\/verdo-products.nl\/"},{"@type":"ListItem","position":2,"name":"Dressuur"}]},{"@type":"WebSite","@id":"https:\/\/verdo-products.nl\/#website","url":"https:\/\/verdo-products.nl\/","name":"Verdonschot rijtuigen","description":"","potentialAction":[{"@type":"SearchAction","target":{"@type":"EntryPoint","urlTemplate":"https:\/\/verdo-products.nl\/?s={search_term_string}"},"query-input":{"@type":"PropertyValueSpecification","valueRequired":true,"valueName":"search_term_string"}}],"inLanguage":"de-DE"}]}},"jetpack_sharing_enabled":true,"_links":{"self":[{"href":"https:\/\/verdo-products.nl\/de\/wp-json\/wp\/v2\/pages\/272","targetHints":{"allow":["GET"]}}],"collection":[{"href":"https:\/\/verdo-products.nl\/de\/wp-json\/wp\/v2\/pages"}],"about":[{"href":"https:\/\/verdo-products.nl\/de\/wp-json\/wp\/v2\/types\/page"}],"author":[{"embeddable":true,"href":"https:\/\/verdo-products.nl\/de\/wp-json\/wp\/v2\/users\/1"}],"replies":[{"embeddable":true,"href":"https:\/\/verdo-products.nl\/de\/wp-json\/wp\/v2\/comments?post=272"}],"version-history":[{"count":5,"href":"https:\/\/verdo-products.nl\/de\/wp-json\/wp\/v2\/pages\/272\/revisions"}],"predecessor-version":[{"id":1940,"href":"https:\/\/verdo-products.nl\/de\/wp-json\/wp\/v2\/pages\/272\/revisions\/1940"}],"wp:attachment":[{"href":"https:\/\/verdo-products.nl\/de\/wp-json\/wp\/v2\/media?parent=272"}],"curies":[{"name":"wp","href":"https:\/\/api.w.org\/{rel}","templated":true}]}}