{"id":274,"date":"2019-11-20T19:41:12","date_gmt":"2019-11-20T19:41:12","guid":{"rendered":"http:\/\/localhost\/verdo-products\/wordpress\/?page_id=274"},"modified":"2021-01-29T18:56:35","modified_gmt":"2021-01-29T18:56:35","slug":"training-en-recreatie","status":"publish","type":"page","link":"https:\/\/verdo-products.nl\/de\/training-en-recreatie\/","title":{"rendered":"Training en recreatie"},"content":{"rendered":"\n<h1>Trainings- und Freizeitwagen<\/h1>\n\n\n\n<p>Die Freizeitfahrzeuge zeichnen sich durch ein sch\u00f6nes zeitgem\u00e4\u00dfes Design aus.<br>Der sportliche Fahrer findet in den Komfortautos ein sehr elegantes Endprodukt f\u00fcr Leistungssport und Erholung.<\/p>\n\n\n\n<p><\/p>\n","protected":false},"excerpt":{"rendered":"<p>Trainings- und Freizeitwagen Die Freizeitfahrzeuge zeichnen sich durch ein sch\u00f6nes zeitgem\u00e4\u00dfes Design aus.Der sportliche Fahrer findet in den Komfortautos ein sehr elegantes Endprodukt f\u00fcr Leistungssport und Erholung.<\/p>\n","protected":false},"author":1,"featured_media":0,"parent":0,"menu_order":0,"comment_status":"closed","ping_status":"closed","template":"","meta":{"_mi_skip_tracking":false,"_monsterinsights_sitenote_active":false,"_monsterinsights_sitenote_note":"","_monsterinsights_sitenote_category":0,"footnotes":""},"yoast_head":"<!-- This site is optimized with the Yoast SEO plugin v21.6 - https:\/\/yoast.com\/wordpress\/plugins\/seo\/ -->\n<title>Training en recreatie - Verdonschot rijtuigen<\/title>\n<meta name=\"robots\" content=\"index, follow, max-snippet:-1, max-image-preview:large, max-video-preview:-1\" \/>\n<link rel=\"canonical\" href=\"https:\/\/verdo-products.nl\/training-en-recreatie\/\" \/>\n<meta property=\"og:locale\" content=\"de_DE\" \/>\n<meta property=\"og:type\" content=\"article\" \/>\n<meta property=\"og:title\" content=\"Training en recreatie\" \/>\n<meta property=\"og:description\" content=\"Trainings- und Freizeitwagen Die Freizeitfahrzeuge zeichnen sich durch ein sch\u00f6nes zeitgem\u00e4\u00dfes Design aus.Der sportliche Fahrer findet in den Komfortautos ein sehr elegantes Endprodukt f\u00fcr Leistungssport und Erholung.\" \/>\n<meta property=\"og:url\" content=\"https:\/\/verdo-products.nl\/training-en-recreatie\/\" \/>\n<meta property=\"og:site_name\" content=\"Verdonschot rijtuigen\" \/>\n<meta property=\"article:modified_time\" content=\"2021-01-29T18:56:35+00:00\" \/>\n<meta name=\"twitter:card\" content=\"summary_large_image\" \/>\n<meta name=\"twitter:label1\" content=\"Gesch\u00e4tzte Lesezeit\" \/>\n\t<meta name=\"twitter:data1\" content=\"1\u00a0Minute\" \/>\n<script type=\"application\/ld+json\" class=\"yoast-schema-graph\">{\"@context\":\"https:\/\/schema.org\",\"@graph\":[{\"@type\":\"WebPage\",\"@id\":\"https:\/\/verdo-products.nl\/training-en-recreatie\/\",\"url\":\"https:\/\/verdo-products.nl\/training-en-recreatie\/\",\"name\":\"[:en]Training en recreatie[:nl]Training en recreatie[:] - Verdonschot rijtuigen\",\"isPartOf\":{\"@id\":\"https:\/\/verdo-products.nl\/#website\"},\"datePublished\":\"2019-11-20T19:41:12+00:00\",\"dateModified\":\"2021-01-29T18:56:35+00:00\",\"breadcrumb\":{\"@id\":\"https:\/\/verdo-products.nl\/training-en-recreatie\/#breadcrumb\"},\"inLanguage\":\"de-DE\",\"potentialAction\":[{\"@type\":\"ReadAction\",\"target\":[\"https:\/\/verdo-products.nl\/training-en-recreatie\/\"]}]},{\"@type\":\"BreadcrumbList\",\"@id\":\"https:\/\/verdo-products.nl\/training-en-recreatie\/#breadcrumb\",\"itemListElement\":[{\"@type\":\"ListItem\",\"position\":1,\"name\":\"Home\",\"item\":\"https:\/\/verdo-products.nl\/\"},{\"@type\":\"ListItem\",\"position\":2,\"name\":\"Training en recreatie\"}]},{\"@type\":\"WebSite\",\"@id\":\"https:\/\/verdo-products.nl\/#website\",\"url\":\"https:\/\/verdo-products.nl\/\",\"name\":\"Verdonschot rijtuigen\",\"description\":\"\",\"potentialAction\":[{\"@type\":\"SearchAction\",\"target\":{\"@type\":\"EntryPoint\",\"urlTemplate\":\"https:\/\/verdo-products.nl\/?s={search_term_string}\"},\"query-input\":\"required name=search_term_string\"}],\"inLanguage\":\"de-DE\"}]}<\/script>\n<!-- \/ Yoast SEO plugin. -->","yoast_head_json":{"title":"Training en recreatie - Verdonschot rijtuigen","robots":{"index":"index","follow":"follow","max-snippet":"max-snippet:-1","max-image-preview":"max-image-preview:large","max-video-preview":"max-video-preview:-1"},"canonical":"https:\/\/verdo-products.nl\/training-en-recreatie\/","og_locale":"de_DE","og_type":"article","og_title":"[:en]Training en recreatie[:nl]Training en recreatie[:] - Verdonschot rijtuigen","og_description":"Trainings- und Freizeitwagen Die Freizeitfahrzeuge zeichnen sich durch ein sch\u00f6nes zeitgem\u00e4\u00dfes Design aus.Der sportliche Fahrer findet in den Komfortautos ein sehr elegantes Endprodukt f\u00fcr Leistungssport und Erholung.","og_url":"https:\/\/verdo-products.nl\/training-en-recreatie\/","og_site_name":"Verdonschot rijtuigen","article_modified_time":"2021-01-29T18:56:35+00:00","twitter_card":"summary_large_image","twitter_misc":{"Gesch\u00e4tzte Lesezeit":"1\u00a0Minute"},"schema":{"@context":"https:\/\/schema.org","@graph":[{"@type":"WebPage","@id":"https:\/\/verdo-products.nl\/training-en-recreatie\/","url":"https:\/\/verdo-products.nl\/training-en-recreatie\/","name":"[:en]Training en recreatie[:nl]Training en recreatie[:] - Verdonschot rijtuigen","isPartOf":{"@id":"https:\/\/verdo-products.nl\/#website"},"datePublished":"2019-11-20T19:41:12+00:00","dateModified":"2021-01-29T18:56:35+00:00","breadcrumb":{"@id":"https:\/\/verdo-products.nl\/training-en-recreatie\/#breadcrumb"},"inLanguage":"de-DE","potentialAction":[{"@type":"ReadAction","target":["https:\/\/verdo-products.nl\/training-en-recreatie\/"]}]},{"@type":"BreadcrumbList","@id":"https:\/\/verdo-products.nl\/training-en-recreatie\/#breadcrumb","itemListElement":[{"@type":"ListItem","position":1,"name":"Home","item":"https:\/\/verdo-products.nl\/"},{"@type":"ListItem","position":2,"name":"Training en recreatie"}]},{"@type":"WebSite","@id":"https:\/\/verdo-products.nl\/#website","url":"https:\/\/verdo-products.nl\/","name":"Verdonschot rijtuigen","description":"","potentialAction":[{"@type":"SearchAction","target":{"@type":"EntryPoint","urlTemplate":"https:\/\/verdo-products.nl\/?s={search_term_string}"},"query-input":"required name=search_term_string"}],"inLanguage":"de-DE"}]}},"jetpack_sharing_enabled":true,"_links":{"self":[{"href":"https:\/\/verdo-products.nl\/de\/wp-json\/wp\/v2\/pages\/274"}],"collection":[{"href":"https:\/\/verdo-products.nl\/de\/wp-json\/wp\/v2\/pages"}],"about":[{"href":"https:\/\/verdo-products.nl\/de\/wp-json\/wp\/v2\/types\/page"}],"author":[{"embeddable":true,"href":"https:\/\/verdo-products.nl\/de\/wp-json\/wp\/v2\/users\/1"}],"replies":[{"embeddable":true,"href":"https:\/\/verdo-products.nl\/de\/wp-json\/wp\/v2\/comments?post=274"}],"version-history":[{"count":14,"href":"https:\/\/verdo-products.nl\/de\/wp-json\/wp\/v2\/pages\/274\/revisions"}],"predecessor-version":[{"id":1849,"href":"https:\/\/verdo-products.nl\/de\/wp-json\/wp\/v2\/pages\/274\/revisions\/1849"}],"wp:attachment":[{"href":"https:\/\/verdo-products.nl\/de\/wp-json\/wp\/v2\/media?parent=274"}],"curies":[{"name":"wp","href":"https:\/\/api.w.org\/{rel}","templated":true}]}}