{"id":556,"date":"2019-12-29T19:54:51","date_gmt":"2019-12-29T19:54:51","guid":{"rendered":"http:\/\/localhost\/verdo-products\/wordpress\/?page_id=556"},"modified":"2021-01-29T19:25:58","modified_gmt":"2021-01-29T19:25:58","slug":"marathon-menu","status":"publish","type":"page","link":"https:\/\/verdo-products.nl\/de\/marathon-menu\/","title":{"rendered":"Marathon menu"},"content":{"rendered":"\n<h1>Marathonwagen<\/h1>\n\n\n\n<p>Die Marathonwagen zeichnen sich durch ihr sch\u00f6nes zeitgem\u00e4\u00dfes Design aus.<br>Der  sportliche Fahrer findet in den Komfortautos ein sehr elegantes  Endprodukt f\u00fcr Leistungssport und Erholung. Die Autos zeichnen sich  durch Fahrkomfort, Sicherheit, Langlebigkeit und Stabilit\u00e4t aus. <\/p>\n\n\n\n<h4>Menu<\/h4>\n<ul>\n<li>\n<a href=\"marathon-paarden-enkelspan-new-vision\/\">Marathon Pferde Einzelnes Pferd<\/a>\n<\/li>\n<li>\n<a href=\"marathon-paarden-tweespan-f1\/\">Marathon Pferde Paar<\/a>\n<\/li>\n<li>\n<a href=\"marathon-paarden-vierspan-f1\/\">Marathon Pferde Vier-in-Hand<\/a>\n<\/li>\n<li>\n<a href=\"marathon-ponys-enkelspan-new-vision\/\">Marathon Ponys Einzelnes Pferd<\/a>\n<\/li>\n<li>\n<a href=\"marathon-ponys-tweespan-twinny-racer\/\">Marathon Ponys Paar<\/a>\n<\/li>\n<li>\n<a href=\"marathon-ponys-vierspan-solution\/\">Marathon Ponys Vier-in-Hand<\/a>\n<\/li>\n<\/ul>\n","protected":false},"excerpt":{"rendered":"<p>Marathonwagen Die Marathonwagen zeichnen sich durch ihr sch\u00f6nes zeitgem\u00e4\u00dfes Design aus.Der sportliche Fahrer findet in den Komfortautos ein sehr elegantes Endprodukt f\u00fcr Leistungssport und Erholung. Die Autos zeichnen sich durch Fahrkomfort, Sicherheit, Langlebigkeit und Stabilit\u00e4t aus. Menu Marathon Pferde Einzelnes&#8230; <a class=\"more-link\" href=\"https:\/\/verdo-products.nl\/de\/marathon-menu\/\">Weiterlesen &rarr;<\/a><\/p>\n","protected":false},"author":1,"featured_media":0,"parent":0,"menu_order":0,"comment_status":"closed","ping_status":"closed","template":"","meta":{"_mi_skip_tracking":false,"_monsterinsights_sitenote_active":false,"_monsterinsights_sitenote_note":"","_monsterinsights_sitenote_category":0,"footnotes":""},"yoast_head":"<!-- This site is optimized with the Yoast SEO plugin v21.6 - https:\/\/yoast.com\/wordpress\/plugins\/seo\/ -->\n<title>Marathon menu - Verdonschot rijtuigen<\/title>\n<meta name=\"robots\" content=\"index, follow, max-snippet:-1, max-image-preview:large, max-video-preview:-1\" \/>\n<link rel=\"canonical\" href=\"https:\/\/verdo-products.nl\/marathon-menu\/\" \/>\n<meta property=\"og:locale\" content=\"de_DE\" \/>\n<meta property=\"og:type\" content=\"article\" \/>\n<meta property=\"og:title\" content=\"Marathon menu\" \/>\n<meta property=\"og:description\" content=\"Marathonwagen Die Marathonwagen zeichnen sich durch ihr sch\u00f6nes zeitgem\u00e4\u00dfes Design aus.Der sportliche Fahrer findet in den Komfortautos ein sehr elegantes Endprodukt f\u00fcr Leistungssport und Erholung. Die Autos zeichnen sich durch Fahrkomfort, Sicherheit, Langlebigkeit und Stabilit\u00e4t aus. Menu Marathon Pferde Einzelnes... Weiterlesen &rarr;\" \/>\n<meta property=\"og:url\" content=\"https:\/\/verdo-products.nl\/marathon-menu\/\" \/>\n<meta property=\"og:site_name\" content=\"Verdonschot rijtuigen\" \/>\n<meta property=\"article:modified_time\" content=\"2021-01-29T19:25:58+00:00\" \/>\n<meta name=\"twitter:card\" content=\"summary_large_image\" \/>\n<meta name=\"twitter:label1\" content=\"Gesch\u00e4tzte Lesezeit\" \/>\n\t<meta name=\"twitter:data1\" content=\"1\u00a0Minute\" \/>\n<script type=\"application\/ld+json\" class=\"yoast-schema-graph\">{\"@context\":\"https:\/\/schema.org\",\"@graph\":[{\"@type\":\"WebPage\",\"@id\":\"https:\/\/verdo-products.nl\/marathon-menu\/\",\"url\":\"https:\/\/verdo-products.nl\/marathon-menu\/\",\"name\":\"[:en]Marathon menu[:nl]Marathon menu[:] - Verdonschot rijtuigen\",\"isPartOf\":{\"@id\":\"https:\/\/verdo-products.nl\/#website\"},\"datePublished\":\"2019-12-29T19:54:51+00:00\",\"dateModified\":\"2021-01-29T19:25:58+00:00\",\"breadcrumb\":{\"@id\":\"https:\/\/verdo-products.nl\/marathon-menu\/#breadcrumb\"},\"inLanguage\":\"de-DE\",\"potentialAction\":[{\"@type\":\"ReadAction\",\"target\":[\"https:\/\/verdo-products.nl\/marathon-menu\/\"]}]},{\"@type\":\"BreadcrumbList\",\"@id\":\"https:\/\/verdo-products.nl\/marathon-menu\/#breadcrumb\",\"itemListElement\":[{\"@type\":\"ListItem\",\"position\":1,\"name\":\"Home\",\"item\":\"https:\/\/verdo-products.nl\/\"},{\"@type\":\"ListItem\",\"position\":2,\"name\":\"Marathon menu\"}]},{\"@type\":\"WebSite\",\"@id\":\"https:\/\/verdo-products.nl\/#website\",\"url\":\"https:\/\/verdo-products.nl\/\",\"name\":\"Verdonschot rijtuigen\",\"description\":\"\",\"potentialAction\":[{\"@type\":\"SearchAction\",\"target\":{\"@type\":\"EntryPoint\",\"urlTemplate\":\"https:\/\/verdo-products.nl\/?s={search_term_string}\"},\"query-input\":\"required name=search_term_string\"}],\"inLanguage\":\"de-DE\"}]}<\/script>\n<!-- \/ Yoast SEO plugin. -->","yoast_head_json":{"title":"Marathon menu - Verdonschot rijtuigen","robots":{"index":"index","follow":"follow","max-snippet":"max-snippet:-1","max-image-preview":"max-image-preview:large","max-video-preview":"max-video-preview:-1"},"canonical":"https:\/\/verdo-products.nl\/marathon-menu\/","og_locale":"de_DE","og_type":"article","og_title":"[:en]Marathon menu[:nl]Marathon menu[:] - Verdonschot rijtuigen","og_description":"Marathonwagen Die Marathonwagen zeichnen sich durch ihr sch\u00f6nes zeitgem\u00e4\u00dfes Design aus.Der sportliche Fahrer findet in den Komfortautos ein sehr elegantes Endprodukt f\u00fcr Leistungssport und Erholung. Die Autos zeichnen sich durch Fahrkomfort, Sicherheit, Langlebigkeit und Stabilit\u00e4t aus. Menu Marathon Pferde Einzelnes... Weiterlesen &rarr;","og_url":"https:\/\/verdo-products.nl\/marathon-menu\/","og_site_name":"Verdonschot rijtuigen","article_modified_time":"2021-01-29T19:25:58+00:00","twitter_card":"summary_large_image","twitter_misc":{"Gesch\u00e4tzte Lesezeit":"1\u00a0Minute"},"schema":{"@context":"https:\/\/schema.org","@graph":[{"@type":"WebPage","@id":"https:\/\/verdo-products.nl\/marathon-menu\/","url":"https:\/\/verdo-products.nl\/marathon-menu\/","name":"[:en]Marathon menu[:nl]Marathon menu[:] - Verdonschot rijtuigen","isPartOf":{"@id":"https:\/\/verdo-products.nl\/#website"},"datePublished":"2019-12-29T19:54:51+00:00","dateModified":"2021-01-29T19:25:58+00:00","breadcrumb":{"@id":"https:\/\/verdo-products.nl\/marathon-menu\/#breadcrumb"},"inLanguage":"de-DE","potentialAction":[{"@type":"ReadAction","target":["https:\/\/verdo-products.nl\/marathon-menu\/"]}]},{"@type":"BreadcrumbList","@id":"https:\/\/verdo-products.nl\/marathon-menu\/#breadcrumb","itemListElement":[{"@type":"ListItem","position":1,"name":"Home","item":"https:\/\/verdo-products.nl\/"},{"@type":"ListItem","position":2,"name":"Marathon menu"}]},{"@type":"WebSite","@id":"https:\/\/verdo-products.nl\/#website","url":"https:\/\/verdo-products.nl\/","name":"Verdonschot rijtuigen","description":"","potentialAction":[{"@type":"SearchAction","target":{"@type":"EntryPoint","urlTemplate":"https:\/\/verdo-products.nl\/?s={search_term_string}"},"query-input":"required name=search_term_string"}],"inLanguage":"de-DE"}]}},"jetpack_sharing_enabled":true,"_links":{"self":[{"href":"https:\/\/verdo-products.nl\/de\/wp-json\/wp\/v2\/pages\/556"}],"collection":[{"href":"https:\/\/verdo-products.nl\/de\/wp-json\/wp\/v2\/pages"}],"about":[{"href":"https:\/\/verdo-products.nl\/de\/wp-json\/wp\/v2\/types\/page"}],"author":[{"embeddable":true,"href":"https:\/\/verdo-products.nl\/de\/wp-json\/wp\/v2\/users\/1"}],"replies":[{"embeddable":true,"href":"https:\/\/verdo-products.nl\/de\/wp-json\/wp\/v2\/comments?post=556"}],"version-history":[{"count":8,"href":"https:\/\/verdo-products.nl\/de\/wp-json\/wp\/v2\/pages\/556\/revisions"}],"predecessor-version":[{"id":1863,"href":"https:\/\/verdo-products.nl\/de\/wp-json\/wp\/v2\/pages\/556\/revisions\/1863"}],"wp:attachment":[{"href":"https:\/\/verdo-products.nl\/de\/wp-json\/wp\/v2\/media?parent=556"}],"curies":[{"name":"wp","href":"https:\/\/api.w.org\/{rel}","templated":true}]}}