{"id":558,"date":"2019-12-29T19:55:08","date_gmt":"2019-12-29T19:55:08","guid":{"rendered":"http:\/\/localhost\/verdo-products\/wordpress\/?page_id=558"},"modified":"2021-01-29T19:24:10","modified_gmt":"2021-01-29T19:24:10","slug":"dressuur-menu","status":"publish","type":"page","link":"https:\/\/verdo-products.nl\/de\/dressuur-menu\/","title":{"rendered":"Dressuur menu"},"content":{"rendered":"\n<h1>Dressurkutschen<\/h1>\n\n\n\n<p>Die Dressurwagen zeichnen sich durch ihr wundersch\u00f6nes authentisches Design aus, mit viel Technik wie.<br>Der  sportliche Fahrer findet ein sehr schlankes Endprodukt f\u00fcr den  Leistungssport. Die Autos zeichnen sich durch Fahrkomfort, Sicherheit,  Langlebigkeit und Stabilit\u00e4t aus. <\/p>\n\n\n\n<h4>Menu<\/h4>\n<ul>\n<li>\n<a href=\"dressuur-paarden-enkelspan-spider-grandprix\/\">Dressuur Pferde Einzelnes Pferd<\/a>\n<\/li>\n<li>\n<a href=\"dressuur-paarden-tweespan-spider\/\">Dressuur Pferde Paar<\/a>\n<\/li>\n<li>\n<a href=\"dressuur-ponys-enkelspan-spider-grandprix\/\">Dressuur Ponys Einzelnes Pferd<\/a>\n<\/li>\n<li>\n<a href=\"dressuur-ponys-tweespan-spider-speciaal\/\">Dressuur Ponys Paar<\/a>\n<\/li>\n<\/ul>\n","protected":false},"excerpt":{"rendered":"<p>Dressurkutschen Die Dressurwagen zeichnen sich durch ihr wundersch\u00f6nes authentisches Design aus, mit viel Technik wie.Der sportliche Fahrer findet ein sehr schlankes Endprodukt f\u00fcr den Leistungssport. Die Autos zeichnen sich durch Fahrkomfort, Sicherheit, Langlebigkeit und Stabilit\u00e4t aus. Menu Dressuur Pferde Einzelnes&#8230; <a class=\"more-link\" href=\"https:\/\/verdo-products.nl\/de\/dressuur-menu\/\">Weiterlesen &rarr;<\/a><\/p>\n","protected":false},"author":1,"featured_media":0,"parent":0,"menu_order":0,"comment_status":"closed","ping_status":"closed","template":"","meta":{"_mi_skip_tracking":false,"_monsterinsights_sitenote_active":false,"_monsterinsights_sitenote_note":"","_monsterinsights_sitenote_category":0,"footnotes":""},"yoast_head":"<!-- This site is optimized with the Yoast SEO plugin v21.6 - https:\/\/yoast.com\/wordpress\/plugins\/seo\/ -->\n<title>Dressuur menu - Verdonschot rijtuigen<\/title>\n<meta name=\"robots\" content=\"index, follow, max-snippet:-1, max-image-preview:large, max-video-preview:-1\" \/>\n<link rel=\"canonical\" href=\"https:\/\/verdo-products.nl\/dressuur-menu\/\" \/>\n<meta property=\"og:locale\" content=\"de_DE\" \/>\n<meta property=\"og:type\" content=\"article\" \/>\n<meta property=\"og:title\" content=\"Dressuur menu\" \/>\n<meta property=\"og:description\" content=\"Dressurkutschen Die Dressurwagen zeichnen sich durch ihr wundersch\u00f6nes authentisches Design aus, mit viel Technik wie.Der sportliche Fahrer findet ein sehr schlankes Endprodukt f\u00fcr den Leistungssport. Die Autos zeichnen sich durch Fahrkomfort, Sicherheit, Langlebigkeit und Stabilit\u00e4t aus. Menu Dressuur Pferde Einzelnes... Weiterlesen &rarr;\" \/>\n<meta property=\"og:url\" content=\"https:\/\/verdo-products.nl\/dressuur-menu\/\" \/>\n<meta property=\"og:site_name\" content=\"Verdonschot rijtuigen\" \/>\n<meta property=\"article:modified_time\" content=\"2021-01-29T19:24:10+00:00\" \/>\n<meta name=\"twitter:card\" content=\"summary_large_image\" \/>\n<meta name=\"twitter:label1\" content=\"Gesch\u00e4tzte Lesezeit\" \/>\n\t<meta name=\"twitter:data1\" content=\"1\u00a0Minute\" \/>\n<script type=\"application\/ld+json\" class=\"yoast-schema-graph\">{\"@context\":\"https:\/\/schema.org\",\"@graph\":[{\"@type\":\"WebPage\",\"@id\":\"https:\/\/verdo-products.nl\/dressuur-menu\/\",\"url\":\"https:\/\/verdo-products.nl\/dressuur-menu\/\",\"name\":\"[:en]Dressuur menu[:nl]Dressuur menu[:] - Verdonschot rijtuigen\",\"isPartOf\":{\"@id\":\"https:\/\/verdo-products.nl\/#website\"},\"datePublished\":\"2019-12-29T19:55:08+00:00\",\"dateModified\":\"2021-01-29T19:24:10+00:00\",\"breadcrumb\":{\"@id\":\"https:\/\/verdo-products.nl\/dressuur-menu\/#breadcrumb\"},\"inLanguage\":\"de-DE\",\"potentialAction\":[{\"@type\":\"ReadAction\",\"target\":[\"https:\/\/verdo-products.nl\/dressuur-menu\/\"]}]},{\"@type\":\"BreadcrumbList\",\"@id\":\"https:\/\/verdo-products.nl\/dressuur-menu\/#breadcrumb\",\"itemListElement\":[{\"@type\":\"ListItem\",\"position\":1,\"name\":\"Home\",\"item\":\"https:\/\/verdo-products.nl\/\"},{\"@type\":\"ListItem\",\"position\":2,\"name\":\"Dressuur menu\"}]},{\"@type\":\"WebSite\",\"@id\":\"https:\/\/verdo-products.nl\/#website\",\"url\":\"https:\/\/verdo-products.nl\/\",\"name\":\"Verdonschot rijtuigen\",\"description\":\"\",\"potentialAction\":[{\"@type\":\"SearchAction\",\"target\":{\"@type\":\"EntryPoint\",\"urlTemplate\":\"https:\/\/verdo-products.nl\/?s={search_term_string}\"},\"query-input\":\"required name=search_term_string\"}],\"inLanguage\":\"de-DE\"}]}<\/script>\n<!-- \/ Yoast SEO plugin. -->","yoast_head_json":{"title":"Dressuur menu - Verdonschot rijtuigen","robots":{"index":"index","follow":"follow","max-snippet":"max-snippet:-1","max-image-preview":"max-image-preview:large","max-video-preview":"max-video-preview:-1"},"canonical":"https:\/\/verdo-products.nl\/dressuur-menu\/","og_locale":"de_DE","og_type":"article","og_title":"[:en]Dressuur menu[:nl]Dressuur menu[:] - Verdonschot rijtuigen","og_description":"Dressurkutschen Die Dressurwagen zeichnen sich durch ihr wundersch\u00f6nes authentisches Design aus, mit viel Technik wie.Der sportliche Fahrer findet ein sehr schlankes Endprodukt f\u00fcr den Leistungssport. Die Autos zeichnen sich durch Fahrkomfort, Sicherheit, Langlebigkeit und Stabilit\u00e4t aus. Menu Dressuur Pferde Einzelnes... Weiterlesen &rarr;","og_url":"https:\/\/verdo-products.nl\/dressuur-menu\/","og_site_name":"Verdonschot rijtuigen","article_modified_time":"2021-01-29T19:24:10+00:00","twitter_card":"summary_large_image","twitter_misc":{"Gesch\u00e4tzte Lesezeit":"1\u00a0Minute"},"schema":{"@context":"https:\/\/schema.org","@graph":[{"@type":"WebPage","@id":"https:\/\/verdo-products.nl\/dressuur-menu\/","url":"https:\/\/verdo-products.nl\/dressuur-menu\/","name":"[:en]Dressuur menu[:nl]Dressuur menu[:] - Verdonschot rijtuigen","isPartOf":{"@id":"https:\/\/verdo-products.nl\/#website"},"datePublished":"2019-12-29T19:55:08+00:00","dateModified":"2021-01-29T19:24:10+00:00","breadcrumb":{"@id":"https:\/\/verdo-products.nl\/dressuur-menu\/#breadcrumb"},"inLanguage":"de-DE","potentialAction":[{"@type":"ReadAction","target":["https:\/\/verdo-products.nl\/dressuur-menu\/"]}]},{"@type":"BreadcrumbList","@id":"https:\/\/verdo-products.nl\/dressuur-menu\/#breadcrumb","itemListElement":[{"@type":"ListItem","position":1,"name":"Home","item":"https:\/\/verdo-products.nl\/"},{"@type":"ListItem","position":2,"name":"Dressuur menu"}]},{"@type":"WebSite","@id":"https:\/\/verdo-products.nl\/#website","url":"https:\/\/verdo-products.nl\/","name":"Verdonschot rijtuigen","description":"","potentialAction":[{"@type":"SearchAction","target":{"@type":"EntryPoint","urlTemplate":"https:\/\/verdo-products.nl\/?s={search_term_string}"},"query-input":"required name=search_term_string"}],"inLanguage":"de-DE"}]}},"jetpack_sharing_enabled":true,"_links":{"self":[{"href":"https:\/\/verdo-products.nl\/de\/wp-json\/wp\/v2\/pages\/558"}],"collection":[{"href":"https:\/\/verdo-products.nl\/de\/wp-json\/wp\/v2\/pages"}],"about":[{"href":"https:\/\/verdo-products.nl\/de\/wp-json\/wp\/v2\/types\/page"}],"author":[{"embeddable":true,"href":"https:\/\/verdo-products.nl\/de\/wp-json\/wp\/v2\/users\/1"}],"replies":[{"embeddable":true,"href":"https:\/\/verdo-products.nl\/de\/wp-json\/wp\/v2\/comments?post=558"}],"version-history":[{"count":10,"href":"https:\/\/verdo-products.nl\/de\/wp-json\/wp\/v2\/pages\/558\/revisions"}],"predecessor-version":[{"id":1861,"href":"https:\/\/verdo-products.nl\/de\/wp-json\/wp\/v2\/pages\/558\/revisions\/1861"}],"wp:attachment":[{"href":"https:\/\/verdo-products.nl\/de\/wp-json\/wp\/v2\/media?parent=558"}],"curies":[{"name":"wp","href":"https:\/\/api.w.org\/{rel}","templated":true}]}}