{"id":69,"date":"2019-10-30T20:41:28","date_gmt":"2019-10-30T20:41:28","guid":{"rendered":"http:\/\/localhost\/verdo-products\/wordpress\/?page_id=69"},"modified":"2021-01-18T19:29:44","modified_gmt":"2021-01-18T19:29:44","slug":"over-ons","status":"publish","type":"page","link":"https:\/\/verdo-products.nl\/de\/over-ons\/","title":{"rendered":"\u00dcber uns"},"content":{"rendered":"\n<p><strong>Firmengeschichte<\/strong><br>Kutschenbau Verdonschot wurde 1992 gegr\u00fcndet und hat seinen Sitz im niederl\u00e4ndischen Ort Someren. \u00a0Von Anfang stellen wir ein breites Sortiment an Sport- und Freizeitkutschen her, die mittlerweile weltweit im Einsatz sind. Unsere Qualit\u00e4t zeigt sich daran, dass sogar Kutschen der ersten Produktionsgeneration auch jetzt noch im Sport eingesetzt werden.<\/p>\n\n\n\n<p>Schon bald haben wir das Federungssystem unserer Fahrzeuge auf Sto\u00dfd\u00e4mpfer umgestellt, da sich daraus viele Vorteile ergeben. Trotz dieser aufwendigen Technologie ist es uns gelungen, diese zu implementieren. Zun\u00e4chst wurden sie bei den Modellen mit unabh\u00e4ngiger Radaufh\u00e4ngung eingesetzt, sp\u00e4ter ebenfalls bei den Typen mit halbunabh\u00e4ngiger Aufh\u00e4ngung, die in der Herstellung etwas kosteng\u00fcnstiger sind.<\/p>\n\n\n\n<p>Viele Fahrer, die mit Kutschen von Kutschenbau Verdonschot im Sport unterwegs sind, fahren auf dem h\u00f6chsten Niveau. Sowohl bei den Pferden als auch bei den Ponys sicherten sich Fahrer mit Verdonschot-Kutschen bei den Ein- und Zweisp\u00e4nnern den nationalen Titel und geh\u00f6rten ebenfalls bei internationalen Meisterschaften bei den Besten. \u00a0Selbstverst\u00e4ndlich sind unsere Kutschen auch im Breitensport sehr beliebt. Darauf sind wir stolz und hoffen, in den n\u00e4chsten Jahren weiterhin viele Kunden bedienen zu k\u00f6nnen. <\/p>\n\n\n\n<p><strong>Erfahrung<\/strong><br>Kutschenbau Verdonschot verf\u00fcgt \u00fcber einen Schatz an Erfahrung, da wir seit fast 30 Jahren Turnier- und Freizeitkutschen herstellen. Wir haben die Einf\u00fchrung der Lenkverz\u00f6gerung mitgestaltet und verf\u00fcgen \u00fcber drei Patente an von uns entwickelten Systemen. Wir sind in der Lage, dem Kunden genau den Wagen zu bauen, den er braucht. Dabei stehen Sicherheit und Fahrkomfort immer im Vordergrund  <\/p>\n\n\n\n<p><strong>Ziel<\/strong><br>Kutschenbau Verdonschot verfolgt das Ziel, in den Niederlanden ein qualitativ hochwertiges Produkt aus der Hochtechnologie-Region Eindhoven, zu einem vern\u00fcnftigen Preis zu bauen. Aufgrund der hohen Qualit\u00e4t beh\u00e4lt der Wagen einen hohen Restwert. Da bei uns Forschung und Entwicklung im Vordergrund stehen, sind wir jederzeit in der Lage, innovative Elemente in unsere Kutschen zu implementieren. Da wir kleine Serien bauen, k\u00f6nnen wie Neuerungen kurzfristig in Produktion bringen.<\/p>\n\n\n\n<p><\/p>\n","protected":false},"excerpt":{"rendered":"<p>FirmengeschichteKutschenbau Verdonschot wurde 1992 gegr\u00fcndet und hat seinen Sitz im niederl\u00e4ndischen Ort Someren. \u00a0Von Anfang stellen wir ein breites Sortiment an Sport- und Freizeitkutschen her, die mittlerweile weltweit im Einsatz sind. Unsere Qualit\u00e4t zeigt sich daran, dass sogar Kutschen der&#8230; <a class=\"more-link\" href=\"https:\/\/verdo-products.nl\/de\/over-ons\/\">Weiterlesen &rarr;<\/a><\/p>\n","protected":false},"author":1,"featured_media":0,"parent":0,"menu_order":0,"comment_status":"closed","ping_status":"closed","template":"","meta":{"_mi_skip_tracking":false,"_monsterinsights_sitenote_active":false,"_monsterinsights_sitenote_note":"","_monsterinsights_sitenote_category":0,"footnotes":""},"yoast_head":"<!-- This site is optimized with the Yoast SEO plugin v21.6 - https:\/\/yoast.com\/wordpress\/plugins\/seo\/ -->\n<title>\u00dcber uns - Verdonschot rijtuigen<\/title>\n<meta name=\"robots\" content=\"index, follow, max-snippet:-1, max-image-preview:large, max-video-preview:-1\" \/>\n<link rel=\"canonical\" href=\"https:\/\/verdo-products.nl\/over-ons\/\" \/>\n<meta property=\"og:locale\" content=\"de_DE\" \/>\n<meta property=\"og:type\" content=\"article\" \/>\n<meta property=\"og:title\" content=\"\u00dcber uns\" \/>\n<meta property=\"og:description\" content=\"FirmengeschichteKutschenbau Verdonschot wurde 1992 gegr\u00fcndet und hat seinen Sitz im niederl\u00e4ndischen Ort Someren. \u00a0Von Anfang stellen wir ein breites Sortiment an Sport- und Freizeitkutschen her, die mittlerweile weltweit im Einsatz sind. Unsere Qualit\u00e4t zeigt sich daran, dass sogar Kutschen der... Weiterlesen &rarr;\" \/>\n<meta property=\"og:url\" content=\"https:\/\/verdo-products.nl\/over-ons\/\" \/>\n<meta property=\"og:site_name\" content=\"Verdonschot rijtuigen\" \/>\n<meta property=\"article:modified_time\" content=\"2021-01-18T19:29:44+00:00\" \/>\n<meta name=\"twitter:card\" content=\"summary_large_image\" \/>\n<meta name=\"twitter:label1\" content=\"Gesch\u00e4tzte Lesezeit\" \/>\n\t<meta name=\"twitter:data1\" content=\"4\u00a0Minuten\" \/>\n<script type=\"application\/ld+json\" class=\"yoast-schema-graph\">{\"@context\":\"https:\/\/schema.org\",\"@graph\":[{\"@type\":\"WebPage\",\"@id\":\"https:\/\/verdo-products.nl\/over-ons\/\",\"url\":\"https:\/\/verdo-products.nl\/over-ons\/\",\"name\":\"[:de]\u00dcber uns[:en]About us[:nl]Over ons[:] - Verdonschot rijtuigen\",\"isPartOf\":{\"@id\":\"https:\/\/verdo-products.nl\/#website\"},\"datePublished\":\"2019-10-30T20:41:28+00:00\",\"dateModified\":\"2021-01-18T19:29:44+00:00\",\"breadcrumb\":{\"@id\":\"https:\/\/verdo-products.nl\/over-ons\/#breadcrumb\"},\"inLanguage\":\"de-DE\",\"potentialAction\":[{\"@type\":\"ReadAction\",\"target\":[\"https:\/\/verdo-products.nl\/over-ons\/\"]}]},{\"@type\":\"BreadcrumbList\",\"@id\":\"https:\/\/verdo-products.nl\/over-ons\/#breadcrumb\",\"itemListElement\":[{\"@type\":\"ListItem\",\"position\":1,\"name\":\"Home\",\"item\":\"https:\/\/verdo-products.nl\/\"},{\"@type\":\"ListItem\",\"position\":2,\"name\":\"Over ons\"}]},{\"@type\":\"WebSite\",\"@id\":\"https:\/\/verdo-products.nl\/#website\",\"url\":\"https:\/\/verdo-products.nl\/\",\"name\":\"Verdonschot rijtuigen\",\"description\":\"\",\"potentialAction\":[{\"@type\":\"SearchAction\",\"target\":{\"@type\":\"EntryPoint\",\"urlTemplate\":\"https:\/\/verdo-products.nl\/?s={search_term_string}\"},\"query-input\":\"required name=search_term_string\"}],\"inLanguage\":\"de-DE\"}]}<\/script>\n<!-- \/ Yoast SEO plugin. -->","yoast_head_json":{"title":"\u00dcber uns - Verdonschot rijtuigen","robots":{"index":"index","follow":"follow","max-snippet":"max-snippet:-1","max-image-preview":"max-image-preview:large","max-video-preview":"max-video-preview:-1"},"canonical":"https:\/\/verdo-products.nl\/over-ons\/","og_locale":"de_DE","og_type":"article","og_title":"[:de]\u00dcber uns[:en]About us[:nl]Over ons[:] - Verdonschot rijtuigen","og_description":"FirmengeschichteKutschenbau Verdonschot wurde 1992 gegr\u00fcndet und hat seinen Sitz im niederl\u00e4ndischen Ort Someren. \u00a0Von Anfang stellen wir ein breites Sortiment an Sport- und Freizeitkutschen her, die mittlerweile weltweit im Einsatz sind. Unsere Qualit\u00e4t zeigt sich daran, dass sogar Kutschen der... Weiterlesen &rarr;","og_url":"https:\/\/verdo-products.nl\/over-ons\/","og_site_name":"Verdonschot rijtuigen","article_modified_time":"2021-01-18T19:29:44+00:00","twitter_card":"summary_large_image","twitter_misc":{"Gesch\u00e4tzte Lesezeit":"4\u00a0Minuten"},"schema":{"@context":"https:\/\/schema.org","@graph":[{"@type":"WebPage","@id":"https:\/\/verdo-products.nl\/over-ons\/","url":"https:\/\/verdo-products.nl\/over-ons\/","name":"[:de]\u00dcber uns[:en]About us[:nl]Over ons[:] - Verdonschot rijtuigen","isPartOf":{"@id":"https:\/\/verdo-products.nl\/#website"},"datePublished":"2019-10-30T20:41:28+00:00","dateModified":"2021-01-18T19:29:44+00:00","breadcrumb":{"@id":"https:\/\/verdo-products.nl\/over-ons\/#breadcrumb"},"inLanguage":"de-DE","potentialAction":[{"@type":"ReadAction","target":["https:\/\/verdo-products.nl\/over-ons\/"]}]},{"@type":"BreadcrumbList","@id":"https:\/\/verdo-products.nl\/over-ons\/#breadcrumb","itemListElement":[{"@type":"ListItem","position":1,"name":"Home","item":"https:\/\/verdo-products.nl\/"},{"@type":"ListItem","position":2,"name":"Over ons"}]},{"@type":"WebSite","@id":"https:\/\/verdo-products.nl\/#website","url":"https:\/\/verdo-products.nl\/","name":"Verdonschot rijtuigen","description":"","potentialAction":[{"@type":"SearchAction","target":{"@type":"EntryPoint","urlTemplate":"https:\/\/verdo-products.nl\/?s={search_term_string}"},"query-input":"required name=search_term_string"}],"inLanguage":"de-DE"}]}},"jetpack_sharing_enabled":true,"_links":{"self":[{"href":"https:\/\/verdo-products.nl\/de\/wp-json\/wp\/v2\/pages\/69"}],"collection":[{"href":"https:\/\/verdo-products.nl\/de\/wp-json\/wp\/v2\/pages"}],"about":[{"href":"https:\/\/verdo-products.nl\/de\/wp-json\/wp\/v2\/types\/page"}],"author":[{"embeddable":true,"href":"https:\/\/verdo-products.nl\/de\/wp-json\/wp\/v2\/users\/1"}],"replies":[{"embeddable":true,"href":"https:\/\/verdo-products.nl\/de\/wp-json\/wp\/v2\/comments?post=69"}],"version-history":[{"count":17,"href":"https:\/\/verdo-products.nl\/de\/wp-json\/wp\/v2\/pages\/69\/revisions"}],"predecessor-version":[{"id":1808,"href":"https:\/\/verdo-products.nl\/de\/wp-json\/wp\/v2\/pages\/69\/revisions\/1808"}],"wp:attachment":[{"href":"https:\/\/verdo-products.nl\/de\/wp-json\/wp\/v2\/media?parent=69"}],"curies":[{"name":"wp","href":"https:\/\/api.w.org\/{rel}","templated":true}]}}